{"id":14,"date":"2025-06-10T10:23:29","date_gmt":"2025-06-10T10:23:29","guid":{"rendered":"https:\/\/dualdiploma-switzerland.ch\/?page_id=14"},"modified":"2025-07-01T07:23:50","modified_gmt":"2025-07-01T07:23:50","slug":"faq-contact-us","status":"publish","type":"page","link":"https:\/\/dualdiploma-switzerland.ch\/it\/faq-contact-us\/","title":{"rendered":"FAQ e Contatti"},"content":{"rendered":"<section class=\"section section-standard-hero\">\n  <div class=\"container\">\n\n          <div class=\"section-standard-hero__text\">\n\n        <h1>Preparare gli studenti a nuove sfide<\/h1>\n\n                  <a href=\"https:\/\/dualdiploma-switzerland.ch\/it\/apply-now\/\" target=\"\" class=\"btn btn--yellow\"><span>Iscriviti ora<\/span><\/a>\n        \n      <\/div>\n    \n          <div class=\"section-standard-hero__image\">\n        <img decoding=\"async\" src=\"https:\/\/dualdiploma-switzerland.ch\/wp-content\/uploads\/2025\/06\/academica_stock_04-767x840.jpg\" alt=\"\" \/>\n      <\/div>\n    \n  <\/div>\n<\/section>\n\n\n\n<section class=\"section section-faq\">\n  <div class=\"container\">\n\n          <h2>\n        FAQ      <\/h2>\n    \n          <div class=\"section-faq__questions\">\n\n      \n        \n        <div class=\"question animated-el-fadeInUp\" role=\"group\" aria-label=\"A quale livello scolastico uno studente pu\u00f2 iniziare il Dual Diploma?\">\n          <div class=\"question__title\">\n            <h4>A quale livello scolastico uno studente pu\u00f2 iniziare il Dual Diploma?<\/h4>\n            <div class=\"icon-faq-plus\"><\/div>\n            <div class=\"icon-faq-minus\"><\/div>\n          <\/div>\n          <div class=\"question__description\">\n            <div class=\"question__description__text\">\n              <p><p>Gli studenti possono iniziare gi\u00e0 dal 10VP\/VG (cantone di Vaud), che corrisponde al quinto anno prima della fine della Maturit\u00e0 Liceale\/Certificato di scuola specializzata.<br \/>\nUno studente che inizia il programma nel 10VP\/VG (cantone di Vaud) deve completarlo in 4 anni.<\/p>\n<p>Uno studente che inizia il programma in 2M\/2ECG (cantone di Vaud), deve completare il programma in 2 anni, in quanto il carico di lavoro sar\u00e0 molto maggiore rispetto a quello di uno studente che svolge il programma in 3 o 4 anni (questa formula \u00e8 riservata agli studenti che sono gi\u00e0 bilingue o che hanno un livello molto avanzato di inglese e una forte capacit\u00e0 di lavoro).<\/p>\n<p>Lo studente deve trovarsi a proprio agio nello studio in Svizzera per poter lavorare correttamente sui due curricula. I principali punti di forza di uno studente che vuole conseguire il Dual Diploma sono il rigore, l'autonomia e l'organizzazione.<\/p>\n<table class=\"el-table animated-el-fadeInUp\" style=\"translate: none; rotate: none; scale: none; opacity: 1; visibility: inherit; transform: translate(0px, 0px);\">\n<thead>\n<tr>\n<th class=\"white\">Inizio* Dual Diploma<\/th>\n<th class=\"white\">Anno 1<\/th>\n<th class=\"white\">Anno 2<\/th>\n<th class=\"white\">Anno 3<\/th>\n<th class=\"white\">Anno 4<\/th>\n<th>Durata<br \/>Dual Diploma<\/th>\n<\/tr>\n<\/thead>\n<tbody>\n<tr>\n<td>10e VP\/VG<\/td>\n<td><span class=\"checkmark\"><\/span><\/td>\n<td><span class=\"checkmark\"><\/span><\/td>\n<td><span class=\"checkmark\"><\/span><\/td>\n<td><span class=\"checkmark\"><\/span><\/td>\n<th rowspan=\"2\" class=\"highlighted\">4 anni<\/th>\n<\/tr>\n<tr>\n<td class=\"highlighted\" style=\"color: #181818;\">11e VP\/VG<\/td>\n<td class=\"highlighted\"><span class=\"checkmark\"><\/span><\/td>\n<td class=\"highlighted\"><span class=\"checkmark\"><\/span><\/td>\n<td class=\"highlighted\"><span class=\"checkmark\"><\/span><\/td>\n<td class=\"highlighted\"><span class=\"checkmark\"><\/span><\/td>\n<\/tr>\n<tr>\n<td class=\"highlighted\" style=\"color: #181818;\">11e VP\/VG<\/td>\n<td class=\"highlighted\"><span class=\"checkmark\"><\/span><\/td>\n<td class=\"highlighted\"><span class=\"checkmark\"><\/span><\/td>\n<td class=\"highlighted\"><span class=\"checkmark\"><\/span><\/td>\n<td class=\"highlighted\"><\/td>\n<th rowspan=\"2\" class=\"highlighted\">3 anni<\/th>\n<\/tr>\n<tr>\n<td>1M\/1ECG<\/td>\n<td><span class=\"checkmark\"><\/span><\/td>\n<td><span class=\"checkmark\"><\/span><\/td>\n<td><span class=\"checkmark\"><\/span><\/td>\n<td><\/td>\n<\/tr>\n<tr>\n<td>1M\/1ECG<\/td>\n<td><span class=\"checkmark\"><\/span><\/td>\n<td><span class=\"checkmark\"><\/span><\/td>\n<td><\/td>\n<td><\/td>\n<th rowspan=\"2\" class=\"highlighted\">2 anni<\/th>\n<\/tr>\n<tr>\n<td class=\"highlighted\" style=\"color: #181818;\">2M\/2ECG<\/td>\n<td class=\"highlighted\"><span class=\"checkmark\"><\/span><\/td>\n<td class=\"highlighted\"><span class=\"checkmark\"><\/span><\/td>\n<td class=\"highlighted\"><\/td>\n<td class=\"highlighted\"><\/td>\n<\/tr>\n<\/tbody>\n<\/table>\n<p class=\"animated-el-fadeInUp\">* Esempio di cantone di Vaud<\/p>\n<p>&nbsp;<\/p>\n<\/p>\n            <\/div>\n          <\/div>\n        <\/div>\n      \n        \n        <div class=\"question animated-el-fadeInUp\" role=\"group\" aria-label=\"Quali sono i requisiti di ammissione al programma?\">\n          <div class=\"question__title\">\n            <h4>Quali sono i requisiti di ammissione al programma?<\/h4>\n            <div class=\"icon-faq-plus\"><\/div>\n            <div class=\"icon-faq-minus\"><\/div>\n          <\/div>\n          <div class=\"question__description\">\n            <div class=\"question__description__text\">\n              <p><p>Per essere ammessi al programma di DualDiploma in Svizzera, gli studenti:<br \/>\n- devono essere studenti regolari di una scuola svizzera in cui ricevono l'istruzione secondaria.<br \/>\n- devono avere un livello di inglese sufficiente (tra A2 e B1) per iniziare il programma. Verr\u00e0 effettuato un test di ingresso.<\/p>\n<\/p>\n            <\/div>\n          <\/div>\n        <\/div>\n      \n        \n        <div class=\"question animated-el-fadeInUp\" role=\"group\" aria-label=\"Quante materie si devono studiare?\">\n          <div class=\"question__title\">\n            <h4>Quante materie si devono studiare?<\/h4>\n            <div class=\"icon-faq-plus\"><\/div>\n            <div class=\"icon-faq-minus\"><\/div>\n          <\/div>\n          <div class=\"question__description\">\n            <div class=\"question__description__text\">\n              <p><p>Gli studenti del programma devono completare 6 dei 24 crediti della scuola superiore americana:<\/p>\n<ul>\n<li>4 crediti per le materie obbligatorie: 2 crediti da due livelli di inglese, 1 credito in storia degli Stati Uniti e un credito in governo\/economia degli Stati Uniti.<\/li>\n<li>2 crediti per la materia a scelta dello studente in base ai suoi gusti e interessi.<\/li>\n<\/ul>\n<p>I restanti 18 crediti vengono convalidati con la pagella della scuola secondaria svizzera.<\/p>\n<\/p>\n            <\/div>\n          <\/div>\n        <\/div>\n      \n        \n        <div class=\"question animated-el-fadeInUp\" role=\"group\" aria-label=\"Di quali attrezzature ha bisogno lo studente e come si svolgono le lezioni?\">\n          <div class=\"question__title\">\n            <h4>Di quali attrezzature ha bisogno lo studente e come si svolgono le lezioni?<\/h4>\n            <div class=\"icon-faq-plus\"><\/div>\n            <div class=\"icon-faq-minus\"><\/div>\n          <\/div>\n          <div class=\"question__description\">\n            <div class=\"question__description__text\">\n              <p><p>Gli studenti devono disporre di un computer con webcam, cuffie con microfono e una buona connessione a Internet. Le attivit\u00e0 vengono svolte tramite una piattaforma di e-learning innovativa e interattiva, Colegia, sulla quale gli studenti possono lavorare in modo flessibile e autonomo, sempre guidati dal docente designato. Academica fornisce l'accesso a tutte le piattaforme e le risorse necessarie (Zoom, Teams e software Office Suite), oltre a tutti i documenti pedagogici di cui gli studenti hanno bisogno per consultare le lezioni, lavorare e completare i compiti.<\/p>\n<\/p>\n            <\/div>\n          <\/div>\n        <\/div>\n      \n        \n        <div class=\"question animated-el-fadeInUp\" role=\"group\" aria-label=\"Quanto tempo deve dedicare uno studente al programma?\">\n          <div class=\"question__title\">\n            <h4>Quanto tempo deve dedicare uno studente al programma?<\/h4>\n            <div class=\"icon-faq-plus\"><\/div>\n            <div class=\"icon-faq-minus\"><\/div>\n          <\/div>\n          <div class=\"question__description\">\n            <div class=\"question__description__text\">\n              <p><p>Il programma richiede un impegno settimanale da 3 a 5 ore, a seconda del livello iniziale di inglese dello studente e dell'anno scolastico. Questo tempo comprende sia le lezioni che il lavoro personale, e pu\u00f2 essere maggiore o minore a seconda del numero di crediti che lo studente dovr\u00e0 convalidare durante l'anno. Lo studente organizza sempre il piano di lavoro con il costante supporto degli insegnanti americani.<\/p>\n<\/p>\n            <\/div>\n          <\/div>\n        <\/div>\n      \n        \n        <div class=\"question animated-el-fadeInUp\" role=\"group\" aria-label=\"Cosa significa una media GPA di 2,0 su una scala di 4,0?\">\n          <div class=\"question__title\">\n            <h4>Cosa significa una media GPA di 2,0 su una scala di 4,0?<\/h4>\n            <div class=\"icon-faq-plus\"><\/div>\n            <div class=\"icon-faq-minus\"><\/div>\n          <\/div>\n          <div class=\"question__description\">\n            <div class=\"question__description__text\">\n              <p><p>Gli studenti devono aver completato i 24 crediti richiesti per il diploma e avere una media complessiva di almeno 2.0 Grade Point Average (GPA) e una media minima di 70% in tutte le materie. Il GPA si calcola sommando i voti numerici finali ottenuti in tutte le materie finora frequentate e dividendoli per il numero di materie frequentate per ottenere la media complessiva.<\/p>\n<p>Utilizziamo la griglia di valutazione Academica\u00ae International Studies per l'equivalenza con i voti svizzeri:<\/p>\n<table class=\"el-table animated-el-fadeInUp\">\n<thead>\n<tr>\n<th>STATI UNITI D'AMERICA<\/th>\n<th>GPA<\/th>\n<th>SUISSE<\/th>\n<\/tr>\n<\/thead>\n<tbody>\n<tr>\n<td>A<\/td>\n<td>4.0 (90 &#8211; 100%)<\/td>\n<td>5.50 &#8211; 6.00<\/td>\n<\/tr>\n<tr>\n<td>B<\/td>\n<td>3.0 (80 &#8211; 89%)<\/td>\n<td>4.50 &#8211; 5.49<\/td>\n<\/tr>\n<tr>\n<td class=\"highlighted\">C<\/td>\n<td class=\"highlighted\">2.0 (70 &#8211; 79%)<\/td>\n<td class=\"highlighted\">4.00 &#8211; 4.49<\/td>\n<\/tr>\n<tr>\n<td>D<\/td>\n<td>1.0 (60 &#8211; 69%)<\/td>\n<td>3.50 &#8211; 3.99<\/td>\n<\/tr>\n<tr>\n<td>F<\/td>\n<td>0,0 (meno di 59%)<\/td>\n<td>meno di 3,49<\/td>\n<\/tr>\n<\/tbody>\n<\/table>\n<\/p>\n            <\/div>\n          <\/div>\n        <\/div>\n      \n        \n        <div class=\"question animated-el-fadeInUp\" role=\"group\" aria-label=\"Se non supero il test di ingresso, posso ripeterlo l&#039;anno successivo?\">\n          <div class=\"question__title\">\n            <h4>Se non supero il test di ingresso, posso ripeterlo l'anno successivo?<\/h4>\n            <div class=\"icon-faq-plus\"><\/div>\n            <div class=\"icon-faq-minus\"><\/div>\n          <\/div>\n          <div class=\"question__description\">\n            <div class=\"question__description__text\">\n              <p><p>\u00c8 possibile, ma se uno studente non ha superato l'esame nell'anno di ingresso in 1M\/1ECG (cantone di Vaud) e desidera iscriversi nuovamente in 2M\/2ECG (cantone di Vaud), deve assicurarsi di avere una capacit\u00e0 lavorativa sufficiente per seguire il programma di 2 anni, che sar\u00e0 molto pi\u00f9 denso, con 3 crediti da convalidare ogni anno.<\/p>\n<\/p>\n            <\/div>\n          <\/div>\n        <\/div>\n      \n        \n        <div class=\"question animated-el-fadeInUp\" role=\"group\" aria-label=\"Che cos&#039;\u00e8 il test di ammissione e come ci si prepara?\">\n          <div class=\"question__title\">\n            <h4>Che cos'\u00e8 il test di ammissione e come ci si prepara?<\/h4>\n            <div class=\"icon-faq-plus\"><\/div>\n            <div class=\"icon-faq-minus\"><\/div>\n          <\/div>\n          <div class=\"question__description\">\n            <div class=\"question__description__text\">\n              <p><p>Il test d'ingresso \u00e8 un MCQ di 75 minuti che comprende 60 domande di grammatica, vocabolario e comprensione. Gli studenti devono essere in grado di comprendere semplici espressioni di uso quotidiano, presentarsi e comunicare con qualcuno su argomenti familiari in termini semplici e descrivere l'ambiente circostante.<\/p>\n<p>La migliore preparazione al test \u00e8 studiare bene l'inglese, leggere in inglese e cos\u00ec via. Lo scopo del test \u00e8 quello di collocare gli studenti al loro livello corretto.<\/p>\n<\/p>\n            <\/div>\n          <\/div>\n        <\/div>\n      \n        \n        <div class=\"question animated-el-fadeInUp\" role=\"group\" aria-label=\"Qual \u00e8 il livello medio di inglese nel primo anno del programma Academica Dual Diploma\u2122?\">\n          <div class=\"question__title\">\n            <h4>Qual \u00e8 il livello medio di inglese nel primo anno del programma Academica Dual Diploma\u2122?<\/h4>\n            <div class=\"icon-faq-plus\"><\/div>\n            <div class=\"icon-faq-minus\"><\/div>\n          <\/div>\n          <div class=\"question__description\">\n            <div class=\"question__description__text\">\n              <p><p>Il livello del 1\u00b0 anno dipende da ogni studente. Dopo aver superato il test di ammissione, gli studenti entrano nel gruppo di inglese I, II o III. Ci\u00f2 consente loro di seguire corsi adeguati al loro livello e di accedere al livello successivo durante il 2\u00b0 anno.<\/p>\n<p>L'inglese I corrisponde all'incirca al livello A2\/B1.<br \/>\nL'inglese II corrisponde all'incirca al livello B1\/B2.<br \/>\nL'inglese III corrisponde all'incirca al livello B2\/C1.<br \/>\nL'inglese IV corrisponde all'incirca al livello C1\/C2.<\/p>\n<p>Qualunque sia il loro livello di inglese al momento dell'ingresso nel programma, tutti gli studenti faranno progressi significativi.<\/p>\n<p>Al momento del diploma, tutti avranno raggiunto almeno il livello e la fluidit\u00e0 di uno studente con diploma di scuola superiore americana.<\/p>\n<\/p>\n            <\/div>\n          <\/div>\n        <\/div>\n      \n        \n        <div class=\"question animated-el-fadeInUp\" role=\"group\" aria-label=\"Mio figlio vuole studiare negli Stati Uniti dopo il diploma di scuola superiore. Potete consigliarlo sul suo progetto?\">\n          <div class=\"question__title\">\n            <h4>Mio figlio vuole studiare negli Stati Uniti dopo il diploma di scuola superiore. Potete consigliarlo sul suo progetto?<\/h4>\n            <div class=\"icon-faq-plus\"><\/div>\n            <div class=\"icon-faq-minus\"><\/div>\n          <\/div>\n          <div class=\"question__description\">\n            <div class=\"question__description__text\">\n              <p><p>Tutti i nostri studenti sono invitati a partecipare a due sessioni di College Counseling durante il loro programma di Dual Diploma, per aiutarli a riflettere sul loro progetto universitario personale. La prima, obbligatoria, si svolge nel secondo anno e la seconda, volontaria, nel terzo anno.<\/p>\n<p>Se desiderate studiare in un'universit\u00e0 negli Stati Uniti, \u00e8 meglio che lavoriate ai vostri piani il pi\u00f9 presto possibile. Molte universit\u00e0 chiudono le iscrizioni gi\u00e0 a met\u00e0 dicembre. Academica fornisce supporto, consigli e indicazioni sulle modalit\u00e0 di iscrizione alle universit\u00e0 americane in generale.<br \/>\nSulla piattaforma dei corsi Colegia sono disponibili diversi documenti: informazioni su<br \/>\nammissioni, i test TOEFL e ACT\/SAT.<\/p>\n<\/p>\n            <\/div>\n          <\/div>\n        <\/div>\n              \n      <\/div>\n    \n  <\/div>\n<\/section>\n\n\n<section class=\"section section-contact-form\">\n  <div class=\"container\">\n\n    <div class=\"section-contact-form__text\">\n\n              <h2>\n          Contattaci        <\/h2>\n      \n              <p>\n          Per ulteriori domande sul Doppio Diploma e per una consulenza personalizzata, contattateci via e-mail <a href=\"mailto:info@dualdiploma-switzerland.ch\">info@dualdiploma-switzerland.ch<\/a> o compilare il modulo sottostante:        <\/p>\n      \n    <\/div>\n\n    <div class=\"section-contact-form__form\">\n      \n<div class=\"wpcf7 no-js\" id=\"wpcf7-f6-o1\" lang=\"en-US\" dir=\"ltr\" data-wpcf7-id=\"6\">\n<div class=\"screen-reader-response\"><p role=\"status\" aria-live=\"polite\" aria-atomic=\"true\"><\/p> <ul><\/ul><\/div>\n<form action=\"\/it\/wp-json\/wp\/v2\/pages\/14#wpcf7-f6-o1\" method=\"post\" class=\"wpcf7-form init cf7mls-no-scroll cf7mls-auto-return-first-step cf7mls-no-moving-animation\" aria-label=\"Modulo di contatto\" novalidate=\"novalidate\" data-status=\"init\" data-trp-original-action=\"\/it\/wp-json\/wp\/v2\/pages\/14#wpcf7-f6-o1\">\n<fieldset class=\"hidden-fields-container\"><input type=\"hidden\" name=\"_wpcf7\" value=\"6\" \/><input type=\"hidden\" name=\"_wpcf7_version\" value=\"6.1.1\" \/><input type=\"hidden\" name=\"_wpcf7_locale\" value=\"en_US\" \/><input type=\"hidden\" name=\"_wpcf7_unit_tag\" value=\"wpcf7-f6-o1\" \/><input type=\"hidden\" name=\"_wpcf7_container_post\" value=\"0\" \/><input type=\"hidden\" name=\"_wpcf7_posted_data_hash\" value=\"\" \/>\n<\/fieldset>\n<div class=\"form-row\"><label>Nome<\/label><span class=\"wpcf7-form-control-wrap\" data-name=\"cf-first-name\"><input size=\"40\" maxlength=\"400\" class=\"wpcf7-form-control wpcf7-text wpcf7-validates-as-required\" aria-required=\"true\" aria-invalid=\"false\" placeholder=\"Nome\" value=\"\" type=\"text\" name=\"cf-first-name\" \/><\/span><\/div>\n<div class=\"form-row\"><label>Cognome<\/label><span class=\"wpcf7-form-control-wrap\" data-name=\"cf-last-name\"><input size=\"40\" maxlength=\"400\" class=\"wpcf7-form-control wpcf7-text wpcf7-validates-as-required\" aria-required=\"true\" aria-invalid=\"false\" placeholder=\"Cognome\" value=\"\" type=\"text\" name=\"cf-last-name\" \/><\/span><\/div>\n<div class=\"form-row\"><label>E-mail<\/label><span class=\"wpcf7-form-control-wrap\" data-name=\"cf-email\"><input size=\"40\" maxlength=\"400\" class=\"wpcf7-form-control wpcf7-email wpcf7-validates-as-required wpcf7-text wpcf7-validates-as-email\" aria-required=\"true\" aria-invalid=\"false\" placeholder=\"Email\" value=\"\" type=\"email\" name=\"cf-email\" \/><\/span><\/div>\n<div class=\"form-row\"><label>Numero di telefono<\/label><span class=\"wpcf7-form-control-wrap\" data-name=\"cf-phone\"><input size=\"40\" maxlength=\"400\" class=\"wpcf7-form-control wpcf7-text wpcf7-validates-as-required\" aria-required=\"true\" aria-invalid=\"false\" placeholder=\"Numero di telefono\" value=\"\" type=\"text\" name=\"cf-phone\" \/><\/span><\/div>\n<div class=\"form-row\"><label>Messaggio<\/label><span class=\"wpcf7-form-control-wrap\" data-name=\"cf-message\"><textarea cols=\"40\" rows=\"10\" maxlength=\"2000\" class=\"wpcf7-form-control wpcf7-textarea wpcf7-validates-as-required\" aria-required=\"true\" aria-invalid=\"false\" placeholder=\"Digitare qui...\" name=\"cf-message\"><\/textarea><\/span><\/div>\n<div class=\"form-row\"><span class=\"wpcf7-form-control-wrap\" data-name=\"personal-data\"><span class=\"wpcf7-form-control wpcf7-acceptance\"><span class=\"wpcf7-list-item\"><label><input type=\"checkbox\" name=\"personal-data\" value=\"1\" class=\"form-acceptance\" aria-invalid=\"false\" \/><span class=\"wpcf7-list-item-label\">Dichiaro di aver letto l'informativa sulla privacy e autorizzo il trattamento dei miei dati personali.<\/span><\/label><\/span><\/span><\/span><\/div>\n<div class=\"wpcf7-response-output\" aria-hidden=\"true\"><\/div>\n<div class=\"form-row\"><button class=\"btn btn--yellow\"><span>Inviare<\/span><\/button><\/div>\n<input type=\"hidden\" name=\"trp-form-language\" value=\"it\"\/><\/form>\n<\/div>\n    <\/div>\n\n  <\/div>\n<\/section>","protected":false},"excerpt":{"rendered":"","protected":false},"author":1,"featured_media":0,"parent":0,"menu_order":0,"comment_status":"closed","ping_status":"closed","template":"","meta":{"_acf_changed":false,"footnotes":""},"class_list":["post-14","page","type-page","status-publish","hentry"],"acf":[],"_links":{"self":[{"href":"https:\/\/dualdiploma-switzerland.ch\/it\/wp-json\/wp\/v2\/pages\/14","targetHints":{"allow":["GET"]}}],"collection":[{"href":"https:\/\/dualdiploma-switzerland.ch\/it\/wp-json\/wp\/v2\/pages"}],"about":[{"href":"https:\/\/dualdiploma-switzerland.ch\/it\/wp-json\/wp\/v2\/types\/page"}],"author":[{"embeddable":true,"href":"https:\/\/dualdiploma-switzerland.ch\/it\/wp-json\/wp\/v2\/users\/1"}],"replies":[{"embeddable":true,"href":"https:\/\/dualdiploma-switzerland.ch\/it\/wp-json\/wp\/v2\/comments?post=14"}],"version-history":[{"count":54,"href":"https:\/\/dualdiploma-switzerland.ch\/it\/wp-json\/wp\/v2\/pages\/14\/revisions"}],"predecessor-version":[{"id":873,"href":"https:\/\/dualdiploma-switzerland.ch\/it\/wp-json\/wp\/v2\/pages\/14\/revisions\/873"}],"wp:attachment":[{"href":"https:\/\/dualdiploma-switzerland.ch\/it\/wp-json\/wp\/v2\/media?parent=14"}],"curies":[{"name":"wp","href":"https:\/\/api.w.org\/{rel}","templated":true}]}}