{"id":2,"date":"2025-06-10T09:39:46","date_gmt":"2025-06-10T09:39:46","guid":{"rendered":"https:\/\/dualdiploma-switzerland.ch\/?page_id=2"},"modified":"2025-09-03T07:35:09","modified_gmt":"2025-09-03T07:35:09","slug":"sample-page","status":"publish","type":"page","link":"https:\/\/dualdiploma-switzerland.ch\/de\/","title":{"rendered":"Startseite"},"content":{"rendered":"<section class=\"section section-home-hero\">\n\n  <div class=\"section-home-hero__content\">\n\n    <div class=\"section-home-hero__content__text\">\n      <div class=\"section-home-hero__content__text__wrapper\">\n\n        <h1>\n          Willkommen bei<br \/>Dual Diploma        <\/h1>\n                  <p>\n            Das von der Academica entworfene und entwickelte Programm<br \/>\ndie es Ihnen erm\u00f6glicht, gleichzeitig zu erhalten:<br \/>\n<strong>Das amerikanische High School Diploma und die schweizerische Matura\/Fachmatura\u00a0<\/strong>\n          <\/p>\n                          <a href=\"https:\/\/dualdiploma-switzerland.ch\/de\/apply-now\/\" class=\"btn btn--white btn--big\">\n            <span>Offene Bewerbungen f\u00fcr 2026-2027!<\/span>\n          <\/a>\n        \n      <\/div>\n    <\/div>\n\n    <div class=\"section-home-hero__content__image\" style=\"background-image: url(https:\/\/dualdiploma-switzerland.ch\/wp-content\/uploads\/2025\/06\/academica_stock_37-scaled-e1750090090867.jpg);\"><\/div>\n\n  <\/div>\n\n  <div class=\"section-home-hero__bottom\">\n    <div class=\"container\">\n            <div class=\"section-home-hero__bottom__box\">\n        <h4>\u00dcber AIS<\/h4>\n        <a href=\"https:\/\/dualdiploma-switzerland.ch\/de\/about-ais\/\" target=\"\" class=\"btn btn--outline-black\">\n          <span>Mehr erfahren<\/span>\n        <\/a>\n      <\/div>\n                  <div class=\"section-home-hero__bottom__box\">\n        <h4>Dual Diploma Program<\/h4>\n        <a href=\"https:\/\/dualdiploma-switzerland.ch\/de\/apply-now\/\" target=\"\" class=\"btn btn--outline-white\">\n          <span>Anmeldung<\/span>\n        <\/a>\n      <\/div>\n          <\/div>\n  <\/div>\n\n<\/section>\n\n\n<section class=\"section section-benefits\">\n  <div class=\"container\">\n\n          <div class=\"section-benefits__header animated-el-fadeInUp\">\n        <h2>\n          <strong>Das Dual Diploma wird<\/strong> Sch\u00fcler in die Lage versetzen:        <\/h2>\n      <\/div>\n    \n    <div class=\"section-benefits__content animated-el-fadeInUp\">\n      \n            <div class=\"section-benefits__content__list\">\n        <ol>\n                      <li class=\"animated-el-fadeInLeft\">\n              <h4>Erwerben Sie das amerikanische High-School-Diplom<\/h4>\n              <p>Die Studenten verdienen den <strong>gleiches Diplom<\/strong> als amerikanische Studenten, die in allen Staaten und Universit\u00e4ten der Welt anerkannt sind.\u00a0<\/p>\n            <\/li>\n                      <li class=\"animated-el-fadeInLeft\">\n              <h4>Werden Sie zweisprachig und lernen Sie die amerikanische Methode von zu Hause aus<\/h4>\n              <p>Studenten erreichen <strong>Sprachimmersion<\/strong> begleitet von zertifizierten amerikanischen Lehrern. Sch\u00fcler, die das Doppeldiplom erwerben, machen die gleichen Erfahrungen wie amerikanische Sch\u00fcler, die eine amerikanische High School besuchen.<\/p>\n            <\/li>\n                      <li class=\"animated-el-fadeInLeft\">\n              <h4>Soft Skills entwickeln<\/h4>\n              <p>Studenten gewinnen <strong>Autonomie, Reife<\/strong> und Anpassungsf\u00e4higkeit. Sie lernen, online zu arbeiten, kreativ zu sein und <strong>kritisch nachdenken<\/strong>. Diese Erfahrung bereitet sie auf ihr zuk\u00fcnftiges akademisches und berufliches Leben vor.<\/p>\n            <\/li>\n                      <li class=\"animated-el-fadeInLeft\">\n              <h4>Schaffung eines multikulturellen Netzes<\/h4>\n              <p>Dank der Aktivit\u00e4ten mit anderen Studenten aus der ganzen Welt entdecken die Studenten eine <strong>multikulturelles Umfeld.<\/strong><\/p>\n            <\/li>\n                      <li class=\"animated-el-fadeInLeft\">\n              <h4>Perspektiven f\u00fcr die Zukunft er\u00f6ffnen<\/h4>\n              <p>Das Doppeldiplom erm\u00f6glicht den Studierenden <strong>differenziert sich<\/strong> und ihren Lebenslauf im Vergleich zu anderen Bewerbern an amerikanischen Universit\u00e4ten zu verbessern.<\/p>\n            <\/li>\n                  <\/ol>\n      <\/div>\n      \n              <div class=\"section-benefits__content__image animated-el-fadeInRight\" style=\"background-image:url('https:\/\/dualdiploma-switzerland.ch\/wp-content\/uploads\/2025\/06\/benefits.jpg');\">&nbsp;<\/div>\n      \n    <\/div>\n\n  <\/div>\n<\/section>\n\n\n\n<section class=\"section section-counters\">\n  <div class=\"container\">\n\n          <div class=\"section-counters__header animated-el-fadeInUp\">\n        <h2>\n          <strong>Academica Corporation<\/strong> eine Institution mit anerkanntem Prestige        <\/h2>\n        <a href=\"https:\/\/dualdiploma-switzerland.ch\/de\/about-ais\/\" class=\"btn btn--yellow\"><span>Mehr erfahren<\/span><\/a>\n      <\/div>\n    \n    <div class=\"section-counters__content animated-el-fadeInUp\">\n\n              <p>Seit fast 25 Jahren bietet die Academica Group mit Sitz in Miami, Florida, eine Ausbildung an, die auf die Zufriedenheit und den Erfolg der Studenten und Studentinnen ausgerichtet ist.<br \/>Als f\u00fchrendes Unternehmen im Bereich der virtuellen Bildung ist Academica eine der wenigen Institutionen in den Vereinigten Staaten, die als Anbieter von \u00f6ffentlicher Online-Bildung anerkannt ist.\u00a0<\/p>\n      \n              <div class=\"section-counters__content__list\">\n          <ul>\n                          <li class=\"animated-el-fadeInUp\">\n                <h4>165 000<\/h4>\n                <p>Studenten<\/p>\n              <\/li>\n                          <li class=\"animated-el-fadeInUp\">\n                <h4>5 500<\/h4>\n                <p>Lehrer<\/p>\n              <\/li>\n                          <li class=\"animated-el-fadeInUp\">\n                <h4>220<\/h4>\n                <p>Schulen in mehr als 10 Staaten<\/p>\n              <\/li>\n                          <li class=\"animated-el-fadeInUp\">\n                <h4>19<\/h4>\n                <p>Einrichtungen, die zu den Top 100 in den USA geh\u00f6ren.<\/p>\n              <\/li>\n                      <\/ul>\n        <\/div>\n      \n    <\/div>\n\n  <\/div>\n<\/section>\n\n\n<section class=\"section section-prestige\">\n  <div class=\"container\">\n\n    <div class=\"section-prestige__content\">\n\n              <h2 class=\"animated-el-fadeInUp\"><strong>Academica\u00ae International Studies (AIS)<\/strong> eine Institution mit anerkanntem Prestige<\/h2>\n            \n      <div class=\"section-prestige__content__text animated-el-fadeInUp\">\n        <p>Mit der Philosophie, Studenten in ihrer Entwicklung und Vorbereitung sowohl innerhalb als auch au\u00dferhalb der Vereinigten Staaten zu unterst\u00fctzen, hat die Academica im Jahr 2001 ein offizielles Programm zur Validierung von Diplomen aus verschiedenen L\u00e4ndern ins Leben gerufen: das  International Dual Diploma (Internationales Doppeldiplom).<\/p>\n        <a href=\"https:\/\/dualdiploma-switzerland.ch\/de\/about-ais\/\" class=\"btn btn--yellow\"><span>Mehr erfahren<\/span><\/a>\n      <\/div>\n\n    <\/div>\n\n    <div class=\"section-prestige__image animated-el-fadeInUp\" style=\"background-image:url('https:\/\/dualdiploma-switzerland.ch\/wp-content\/uploads\/2025\/06\/academica_stock_35-scaled.jpg');\">&nbsp;<\/div>\n\n    <div class=\"section-prestige__highlights animated-el-fadeInUp\">\n      <p>Mehr als <strong>50.000 Studenten<\/strong> in \u00fcber <strong>32 L\u00e4ndern,<\/strong>einschlie\u00dflich Spanien, Italien, Frankreich, Deutschland, Peru, Mexiko, Argentinien, China, S\u00fcdkorea, Marokko, Indien, Israel, ...<\/p>\n    <\/div>\n\n  <\/div>\n<\/section>\n\n\n<section class=\"section section-guarantees\">\n  <div class=\"container\">\n\n          <h2 class=\"animated-el-fadeInUp\">\n        Garantien       <\/h2>\n    \n          <p>\n        Die Bildungsangebote und -einrichtungen der Academica sind nach den h\u00f6chsten Standards des Landes akkreditiert.      <\/p>\n    \n    <div class=\"section-guarantees__logos\">\n      <div class=\"swiper swiper-guarantees animated-el-fadeInUp\">\n        <div class=\"swiper-wrapper\">\n                      <div class=\"swiper-slide\">\n              <figure>\n                <img decoding=\"async\" src=\"https:\/\/dualdiploma-switzerland.ch\/wp-content\/uploads\/2025\/06\/Image-from-iOS-2.jpg\" alt=\"\" \/>\n              <\/figure>\n            <\/div>\n                      <div class=\"swiper-slide\">\n              <figure>\n                <img decoding=\"async\" src=\"https:\/\/dualdiploma-switzerland.ch\/wp-content\/uploads\/2025\/06\/Image-from-iOS-1.jpg\" alt=\"\" \/>\n              <\/figure>\n            <\/div>\n                      <div class=\"swiper-slide\">\n              <figure>\n                <img decoding=\"async\" src=\"https:\/\/dualdiploma-switzerland.ch\/wp-content\/uploads\/2025\/06\/Image-from-iOS.jpg\" alt=\"\" \/>\n              <\/figure>\n            <\/div>\n                  <\/div>\n      <\/div>\n    <\/div>\n\n  <\/div>\n<\/section>","protected":false},"excerpt":{"rendered":"","protected":false},"author":1,"featured_media":0,"parent":0,"menu_order":0,"comment_status":"closed","ping_status":"open","template":"","meta":{"_acf_changed":false,"footnotes":""},"class_list":["post-2","page","type-page","status-publish","hentry"],"acf":[],"_links":{"self":[{"href":"https:\/\/dualdiploma-switzerland.ch\/de\/wp-json\/wp\/v2\/pages\/2","targetHints":{"allow":["GET"]}}],"collection":[{"href":"https:\/\/dualdiploma-switzerland.ch\/de\/wp-json\/wp\/v2\/pages"}],"about":[{"href":"https:\/\/dualdiploma-switzerland.ch\/de\/wp-json\/wp\/v2\/types\/page"}],"author":[{"embeddable":true,"href":"https:\/\/dualdiploma-switzerland.ch\/de\/wp-json\/wp\/v2\/users\/1"}],"replies":[{"embeddable":true,"href":"https:\/\/dualdiploma-switzerland.ch\/de\/wp-json\/wp\/v2\/comments?post=2"}],"version-history":[{"count":40,"href":"https:\/\/dualdiploma-switzerland.ch\/de\/wp-json\/wp\/v2\/pages\/2\/revisions"}],"predecessor-version":[{"id":892,"href":"https:\/\/dualdiploma-switzerland.ch\/de\/wp-json\/wp\/v2\/pages\/2\/revisions\/892"}],"wp:attachment":[{"href":"https:\/\/dualdiploma-switzerland.ch\/de\/wp-json\/wp\/v2\/media?parent=2"}],"curies":[{"name":"wp","href":"https:\/\/api.w.org\/{rel}","templated":true}]}}