{"id":16,"date":"2025-06-10T10:23:40","date_gmt":"2025-06-10T10:23:40","guid":{"rendered":"https:\/\/dualdiploma-switzerland.ch\/?page_id=16"},"modified":"2025-06-20T17:06:32","modified_gmt":"2025-06-20T17:06:32","slug":"apply-now","status":"publish","type":"page","link":"https:\/\/dualdiploma-switzerland.ch\/de\/apply-now\/","title":{"rendered":"Anmeldung"},"content":{"rendered":"<section class=\"section section-hero-small\">\n  <div class=\"container\">\n\n          <h2 class=\"tagline\">Vorbereitung der Sch\u00fcler auf neue Herausforderungen<\/h2>\n    \n\n          <h1>Anmeldung<\/h1>\n    \n          <p>\n        F\u00fcr weitere Fragen zum Dual Diploma und f\u00fcr eine pers\u00f6nliche Beratung kontaktieren Sie uns bitte per E-Mail <a href=\"mailto:info@dualdiploma-switzerland.com\">info@dualdiploma-switzerland.com<\/a> oder f\u00fcllen Sie dieses Formular aus:\n      <\/p>\n    \n  <\/div>\n<\/section>\n\n\n<section class=\"section section-apply\">\n  <div class=\"container\">\n\n    <div class=\"section-apply__wrapper\">\n              <h2>\n          Anwendungen 2025-2026        <\/h2>\n      \n      <div class=\"apply-form\">\n        \n<div class=\"wpcf7 no-js\" id=\"wpcf7-f524-o1\" lang=\"en-US\" dir=\"ltr\" data-wpcf7-id=\"524\">\n<div class=\"screen-reader-response\"><p role=\"status\" aria-live=\"polite\" aria-atomic=\"true\"><\/p> <ul><\/ul><\/div>\n<form action=\"\/de\/wp-json\/wp\/v2\/pages\/16#wpcf7-f524-o1\" method=\"post\" class=\"wpcf7-form init cf7mls-no-scroll cf7mls-auto-return-first-step cf7mls-no-moving-animation\" aria-label=\"Kontakt-Formular\" novalidate=\"novalidate\" data-status=\"init\" data-trp-original-action=\"\/de\/wp-json\/wp\/v2\/pages\/16#wpcf7-f524-o1\">\n<fieldset class=\"hidden-fields-container\"><input type=\"hidden\" name=\"_wpcf7\" value=\"524\" \/><input type=\"hidden\" name=\"_wpcf7_version\" value=\"6.1.1\" \/><input type=\"hidden\" name=\"_wpcf7_locale\" value=\"en_US\" \/><input type=\"hidden\" name=\"_wpcf7_unit_tag\" value=\"wpcf7-f524-o1\" \/><input type=\"hidden\" name=\"_wpcf7_container_post\" value=\"0\" \/><input type=\"hidden\" name=\"_wpcf7_posted_data_hash\" value=\"\" \/>\n<\/fieldset>\n<div class=\"fieldset-cf7mls-wrapper\" data-transition-effects><fieldset class=\"fieldset-cf7mls cf7mls_current_fs\"><div class=\"form-row\"><label>Organisations-ID<\/label><span class=\"wpcf7-form-control-wrap\" data-name=\"ca-organization-id\"><input size=\"40\" maxlength=\"400\" class=\"wpcf7-form-control wpcf7-text\" aria-invalid=\"false\" placeholder=\"Organisations-ID\" value=\"\" type=\"text\" name=\"ca-organization-id\" \/><\/span><\/div>\n<h4>Angaben des Sch\u00fclers<\/h4>\n<div class=\"form-row form-row--cols\"><div class=\"form-col\"><label>Vornamen*<\/label><span class=\"wpcf7-form-control-wrap\" data-name=\"ca-first-name\"><input size=\"40\" maxlength=\"400\" class=\"wpcf7-form-control wpcf7-text wpcf7-validates-as-required\" aria-required=\"true\" aria-invalid=\"false\" placeholder=\"Vornamen\" value=\"\" type=\"text\" name=\"ca-first-name\" \/><\/span><\/div><div class=\"form-col\"><label>Nachname*<\/label><span class=\"wpcf7-form-control-wrap\" data-name=\"ca-last-name\"><input size=\"40\" maxlength=\"400\" class=\"wpcf7-form-control wpcf7-text wpcf7-validates-as-required\" aria-required=\"true\" aria-invalid=\"false\" placeholder=\"Nachname\" value=\"\" type=\"text\" name=\"ca-last-name\" \/><\/span><\/div><\/div>\n<div class=\"form-row\"><label>Geschlecht*<\/label><span class=\"wpcf7-form-control-wrap\" data-name=\"radio-gender\"><span class=\"wpcf7-form-control wpcf7-radio\"><span class=\"wpcf7-list-item first\"><label><input type=\"radio\" name=\"radio-gender\" value=\"Male\" \/><span class=\"wpcf7-list-item-label\">M\u00e4nnlich<\/span><\/label><\/span><span class=\"wpcf7-list-item\"><label><input type=\"radio\" name=\"radio-gender\" value=\"Female\" \/><span class=\"wpcf7-list-item-label\">Weiblich<\/span><\/label><\/span><span class=\"wpcf7-list-item last\"><label><input type=\"radio\" name=\"radio-gender\" value=\"Other\" \/><span class=\"wpcf7-list-item-label\">Andere<\/span><\/label><\/span><\/span><\/span><\/div>\n<div class=\"form-row form-row--cols\"><div class=\"form-col\"><label>Geburtsdatum*<\/label><span class=\"wpcf7-form-control-wrap\" data-name=\"ca-birthday\"><input class=\"wpcf7-form-control wpcf7-date wpcf7-validates-as-required wpcf7-validates-as-date\" aria-required=\"true\" aria-invalid=\"false\" value=\"\" type=\"date\" name=\"ca-birthday\" \/><\/span><\/div><div class=\"form-col\"><label>Staatsb\u00fcrgerschaft*<\/label><span class=\"wpcf7-form-control-wrap\" data-name=\"ca-citizenship\"><input size=\"40\" maxlength=\"400\" class=\"wpcf7-form-control wpcf7-text wpcf7-validates-as-required\" aria-required=\"true\" aria-invalid=\"false\" placeholder=\"Staatsb\u00fcrgerschaft\" value=\"\" type=\"text\" name=\"ca-citizenship\" \/><\/span><\/div><\/div>\n<div class=\"form-row form-row--cols\"><div class=\"form-col\"><label>Geburtsland*<\/label><span class=\"wpcf7-form-control-wrap\" data-name=\"ca-birth-country\"><input size=\"40\" maxlength=\"400\" class=\"wpcf7-form-control wpcf7-text wpcf7-validates-as-required\" aria-required=\"true\" aria-invalid=\"false\" placeholder=\"Geburtsland\" value=\"\" type=\"text\" name=\"ca-birth-country\" \/><\/span><\/div><div class=\"form-col\"><label>Verwendete Sprache*<\/label><span class=\"wpcf7-form-control-wrap\" data-name=\"ca-language-used\"><input size=\"40\" maxlength=\"400\" class=\"wpcf7-form-control wpcf7-text wpcf7-validates-as-required\" aria-required=\"true\" aria-invalid=\"false\" placeholder=\"Verwendete Sprache\" value=\"\" type=\"text\" name=\"ca-language-used\" \/><\/span><\/div><\/div>\n<div class=\"form-row form-row--cols\"><div class=\"form-col\"><label>E-Mail*<\/label><span class=\"wpcf7-form-control-wrap\" data-name=\"ca-email\"><input size=\"40\" maxlength=\"400\" class=\"wpcf7-form-control wpcf7-email wpcf7-validates-as-required wpcf7-text wpcf7-validates-as-email\" aria-required=\"true\" aria-invalid=\"false\" placeholder=\"E-Mail\" value=\"\" type=\"email\" name=\"ca-email\" \/><\/span><\/div><div class=\"form-col\"><label>Telefon*<\/label><span class=\"wpcf7-form-control-wrap\" data-name=\"ca-phone\"><input size=\"40\" maxlength=\"400\" class=\"wpcf7-form-control wpcf7-text wpcf7-validates-as-required\" aria-required=\"true\" aria-invalid=\"false\" placeholder=\"Telefon\" value=\"\" type=\"text\" name=\"ca-phone\" \/><\/span><\/div><\/div>\n<h4>Adresse<\/h4>\n<div class=\"form-row form-row--cols\"><div class=\"form-col\"><label>Stra\u00dfe*<\/label><span class=\"wpcf7-form-control-wrap\" data-name=\"ca-street\"><input size=\"40\" maxlength=\"400\" class=\"wpcf7-form-control wpcf7-text wpcf7-validates-as-required\" aria-required=\"true\" aria-invalid=\"false\" placeholder=\"Stra\u00dfe\" value=\"\" type=\"text\" name=\"ca-street\" \/><\/span><\/div><div class=\"form-col\"><label>Postleitzahl*<\/label><span class=\"wpcf7-form-control-wrap\" data-name=\"ca-zip-code\"><input size=\"40\" maxlength=\"400\" class=\"wpcf7-form-control wpcf7-text wpcf7-validates-as-required\" aria-required=\"true\" aria-invalid=\"false\" placeholder=\"Postleitzahl\" value=\"\" type=\"text\" name=\"ca-zip-code\" \/><\/span><\/div><\/div>\n<div class=\"form-row form-row--cols\"><div class=\"form-col\"><label>Stadt*<\/label><span class=\"wpcf7-form-control-wrap\" data-name=\"ca-city\"><input size=\"40\" maxlength=\"400\" class=\"wpcf7-form-control wpcf7-text wpcf7-validates-as-required\" aria-required=\"true\" aria-invalid=\"false\" placeholder=\"Stadt\" value=\"\" type=\"text\" name=\"ca-city\" \/><\/span><\/div><div class=\"form-col\"><label>Land*<\/label><span class=\"wpcf7-form-control-wrap\" data-name=\"ca-country\"><input size=\"40\" maxlength=\"400\" class=\"wpcf7-form-control wpcf7-text wpcf7-validates-as-required\" aria-required=\"true\" aria-invalid=\"false\" placeholder=\"Land\" value=\"\" type=\"text\" name=\"ca-country\" \/><\/span><\/div><\/div>\n<div class=\"wpcf7-response-output\" aria-hidden=\"true\"><\/div><div class=\"cf7mls-btns\"><button type=\"button\" class=\"cf7mls_next cf7mls_btn action-button\" name=\"cf7mls_next\" id=\"cf7mls-next-btn-cf7mls_step-1\">Weiter<img decoding=\"async\" src=\"https:\/\/dualdiploma-switzerland.ch\/wp-content\/plugins\/cf7-multi-step\/assets\/frontend\/img\/loader.svg\" alt=\"Step Loading\" data-lazy-src=\"https:\/\/dualdiploma-switzerland.ch\/wp-content\/plugins\/cf7-multi-step\/assets\/frontend\/img\/loader.svg\" style=\"display: none;\" \/><\/button><\/div><p><\/p><\/fieldset><fieldset class=\"fieldset-cf7mls\"><h4>W\u00e4chter 1 (Administrative Kontaktperson)<\/h4>\n<div class=\"form-row\"><label>Beziehung*<\/label><span class=\"wpcf7-form-control-wrap\" data-name=\"radio-guardian1-relationship\"><span class=\"wpcf7-form-control wpcf7-radio\"><span class=\"wpcf7-list-item first\"><label><input type=\"radio\" name=\"radio-guardian1-relationship\" value=\"Mother\" \/><span class=\"wpcf7-list-item-label\">Mutter<\/span><\/label><\/span><span class=\"wpcf7-list-item\"><label><input type=\"radio\" name=\"radio-guardian1-relationship\" value=\"Father\" \/><span class=\"wpcf7-list-item-label\">Vater<\/span><\/label><\/span><span class=\"wpcf7-list-item last\"><label><input type=\"radio\" name=\"radio-guardian1-relationship\" value=\"Other\" \/><span class=\"wpcf7-list-item-label\">Andere<\/span><\/label><\/span><\/span><\/span><\/div>\n<div class=\"form-row form-row--cols\"><div class=\"form-col\"><label>Vornamen<\/label><span class=\"wpcf7-form-control-wrap\" data-name=\"ca-guardian1-first-name\"><input size=\"40\" maxlength=\"400\" class=\"wpcf7-form-control wpcf7-text wpcf7-validates-as-required\" aria-required=\"true\" aria-invalid=\"false\" placeholder=\"Vornamen\" value=\"\" type=\"text\" name=\"ca-guardian1-first-name\" \/><\/span><\/div><div class=\"form-col\"><label>Nachname<\/label><span class=\"wpcf7-form-control-wrap\" data-name=\"ca-guardian1-last-name\"><input size=\"40\" maxlength=\"400\" class=\"wpcf7-form-control wpcf7-text wpcf7-validates-as-required\" aria-required=\"true\" aria-invalid=\"false\" placeholder=\"Nachname\" value=\"\" type=\"text\" name=\"ca-guardian1-last-name\" \/><\/span><\/div><\/div>\n<div class=\"form-row form-row--cols\"><div class=\"form-col\"><label>E-Mail*<\/label><span class=\"wpcf7-form-control-wrap\" data-name=\"ca-guardian1-email\"><input size=\"40\" maxlength=\"400\" class=\"wpcf7-form-control wpcf7-email wpcf7-validates-as-required wpcf7-text wpcf7-validates-as-email\" aria-required=\"true\" aria-invalid=\"false\" placeholder=\"E-Mail\" value=\"\" type=\"email\" name=\"ca-guardian1-email\" \/><\/span><\/div><div class=\"form-col\"><label>Telefon*<\/label><span class=\"wpcf7-form-control-wrap\" data-name=\"ca-guardian1-phone\"><input size=\"40\" maxlength=\"400\" class=\"wpcf7-form-control wpcf7-text wpcf7-validates-as-required\" aria-required=\"true\" aria-invalid=\"false\" placeholder=\"Telefon\" value=\"\" type=\"text\" name=\"ca-guardian1-phone\" \/><\/span><\/div><\/div>\n<div class=\"wpcf7-response-output\" aria-hidden=\"true\"><\/div><div class=\"cf7mls-btns\"><button type=\"button\" class=\"cf7mls_back action-button\" name=\"cf7mls_back\" id=\"cf7mls-back-btn-cf7mls_step-2\">Zur\u00fcck<\/button><button type=\"button\" class=\"cf7mls_next cf7mls_btn action-button\" name=\"cf7mls_next\" id=\"cf7mls-next-btn-cf7mls_step-2\">Weiter<img decoding=\"async\" src=\"https:\/\/dualdiploma-switzerland.ch\/wp-content\/plugins\/cf7-multi-step\/assets\/frontend\/img\/loader.svg\" alt=\"Step Loading\" data-lazy-src=\"https:\/\/dualdiploma-switzerland.ch\/wp-content\/plugins\/cf7-multi-step\/assets\/frontend\/img\/loader.svg\" style=\"display: none;\" \/><\/button><\/div><p><\/p><\/fieldset><fieldset class=\"fieldset-cf7mls\"><h4>W\u00e4chter 2<\/h4>\n<div class=\"form-row\"><label>Beziehung*<\/label><span class=\"wpcf7-form-control-wrap\" data-name=\"radio-guardian2-relationship\"><span class=\"wpcf7-form-control wpcf7-radio\"><span class=\"wpcf7-list-item first\"><label><input type=\"radio\" name=\"radio-guardian2-relationship\" value=\"Mother\" \/><span class=\"wpcf7-list-item-label\">Mutter<\/span><\/label><\/span><span class=\"wpcf7-list-item\"><label><input type=\"radio\" name=\"radio-guardian2-relationship\" value=\"Father\" \/><span class=\"wpcf7-list-item-label\">Vater<\/span><\/label><\/span><span class=\"wpcf7-list-item last\"><label><input type=\"radio\" name=\"radio-guardian2-relationship\" value=\"Other\" \/><span class=\"wpcf7-list-item-label\">Andere<\/span><\/label><\/span><\/span><\/span><\/div>\n<div class=\"form-row form-row--cols\"><div class=\"form-col\"><label>Vornamen<\/label><span class=\"wpcf7-form-control-wrap\" data-name=\"ca-guardian2-first-name\"><input size=\"40\" maxlength=\"400\" class=\"wpcf7-form-control wpcf7-text wpcf7-validates-as-required\" aria-required=\"true\" aria-invalid=\"false\" placeholder=\"Vornamen\" value=\"\" type=\"text\" name=\"ca-guardian2-first-name\" \/><\/span><\/div><div class=\"form-col\"><label>Nachname<\/label><span class=\"wpcf7-form-control-wrap\" data-name=\"ca-guardian2-last-name\"><input size=\"40\" maxlength=\"400\" class=\"wpcf7-form-control wpcf7-text wpcf7-validates-as-required\" aria-required=\"true\" aria-invalid=\"false\" placeholder=\"Nachname\" value=\"\" type=\"text\" name=\"ca-guardian2-last-name\" \/><\/span><\/div><\/div>\n<div class=\"form-row form-row--cols\"><div class=\"form-col\"><label>E-Mail*<\/label><span class=\"wpcf7-form-control-wrap\" data-name=\"ca-guardian2-email\"><input size=\"40\" maxlength=\"400\" class=\"wpcf7-form-control wpcf7-email wpcf7-validates-as-required wpcf7-text wpcf7-validates-as-email\" aria-required=\"true\" aria-invalid=\"false\" placeholder=\"E-Mail\" value=\"\" type=\"email\" name=\"ca-guardian2-email\" \/><\/span><\/div><div class=\"form-col\"><label>Telefon*<\/label><span class=\"wpcf7-form-control-wrap\" data-name=\"ca-guardian2-phone\"><input size=\"40\" maxlength=\"400\" class=\"wpcf7-form-control wpcf7-text wpcf7-validates-as-required\" aria-required=\"true\" aria-invalid=\"false\" placeholder=\"Telefon\" value=\"\" type=\"text\" name=\"ca-guardian2-phone\" \/><\/span><\/div><\/div>\n<div class=\"wpcf7-response-output\" aria-hidden=\"true\"><\/div><div class=\"cf7mls-btns\"><button type=\"button\" class=\"cf7mls_back action-button\" name=\"cf7mls_back\" id=\"cf7mls-back-btn-cf7mls_step-3\">Zur\u00fcck<\/button><button type=\"button\" class=\"cf7mls_next cf7mls_btn action-button\" name=\"cf7mls_next\" id=\"cf7mls-next-btn-cf7mls_step-3\">Weiter<img decoding=\"async\" src=\"https:\/\/dualdiploma-switzerland.ch\/wp-content\/plugins\/cf7-multi-step\/assets\/frontend\/img\/loader.svg\" alt=\"Step Loading\" data-lazy-src=\"https:\/\/dualdiploma-switzerland.ch\/wp-content\/plugins\/cf7-multi-step\/assets\/frontend\/img\/loader.svg\" style=\"display: none;\" \/><\/button><\/div><p><\/p><\/fieldset><fieldset class=\"fieldset-cf7mls\">\n<h4>Schweizer Schulbildung und Doppeldiplom<\/h4>\n<div class=\"form-row\"><label>Schule*<\/label><span class=\"wpcf7-form-control-wrap\" data-name=\"ca-school\"><input size=\"40\" maxlength=\"400\" class=\"wpcf7-form-control wpcf7-text wpcf7-validates-as-required\" aria-required=\"true\" aria-invalid=\"false\" placeholder=\"Schule\" value=\"\" type=\"text\" name=\"ca-school\" \/><\/span><\/div>\n<div class=\"form-row\"><label>Derzeitige Schulstufe*<\/label><span class=\"wpcf7-form-control-wrap\" data-name=\"radio-current-school-level\"><span class=\"wpcf7-form-control wpcf7-radio\"><span class=\"wpcf7-list-item first\"><label><input type=\"radio\" name=\"radio-current-school-level\" value=\"10e VP\/VG,\" \/><span class=\"wpcf7-list-item-label\">10e VP\/VG,<\/span><\/label><\/span><span class=\"wpcf7-list-item\"><label><input type=\"radio\" name=\"radio-current-school-level\" value=\"1e VP\/VG\" \/><span class=\"wpcf7-list-item-label\">1e VP\/VG<\/span><\/label><\/span><span class=\"wpcf7-list-item last\"><label><input type=\"radio\" name=\"radio-current-school-level\" value=\"1M\/1ECG\" \/><span class=\"wpcf7-list-item-label\">1M\/1ECG<\/span><\/label><\/span><\/span><\/span><\/div>\n<div class=\"form-row form-row--cols\"><div class=\"form-col\"><label>Erwartetes Schweizer Abschlusszeugnis<\/label><span class=\"wpcf7-form-control-wrap\" data-name=\"ca-expected-swiss-graduation\"><input class=\"wpcf7-form-control wpcf7-date wpcf7-validates-as-date\" aria-invalid=\"false\" value=\"\" type=\"date\" name=\"ca-expected-swiss-graduation\" \/><\/span><\/div><div class=\"form-col\"><label>Doppeldiplom-Programm Eintrittsdatum<\/label><span class=\"wpcf7-form-control-wrap\" data-name=\"ca-ddp-entry-date\"><input class=\"wpcf7-form-control wpcf7-date wpcf7-validates-as-date\" aria-invalid=\"false\" value=\"\" type=\"date\" name=\"ca-ddp-entry-date\" \/><\/span><\/div><\/div>\n<div class=\"form-row\"><label>Jahre bis zum Abschluss des Doppeldiploms*<\/label><span class=\"wpcf7-form-control-wrap\" data-name=\"radio-years-to-complete\"><span class=\"wpcf7-form-control wpcf7-radio\"><span class=\"wpcf7-list-item first\"><label><input type=\"radio\" name=\"radio-years-to-complete\" value=\"2\" \/><span class=\"wpcf7-list-item-label\">2<\/span><\/label><\/span><span class=\"wpcf7-list-item\"><label><input type=\"radio\" name=\"radio-years-to-complete\" value=\"3\" \/><span class=\"wpcf7-list-item-label\">3<\/span><\/label><\/span><span class=\"wpcf7-list-item last\"><label><input type=\"radio\" name=\"radio-years-to-complete\" value=\"4\" \/><span class=\"wpcf7-list-item-label\">4<\/span><\/label><\/span><\/span><\/span><\/div>\n<div class=\"form-row form-row--cols\"><div class=\"form-col\"><label>Abschluss des Doppeldiploms<\/label><span class=\"wpcf7-form-control-wrap\" data-name=\"ca-ddp-completion\"><input class=\"wpcf7-form-control wpcf7-date wpcf7-validates-as-date\" aria-invalid=\"false\" value=\"\" type=\"date\" name=\"ca-ddp-completion\" \/><\/span><\/div><div class=\"form-col\"><label>Wahlfach (f\u00fcr Studenten, die das Programm in 2 oder 3 Jahren abschlie\u00dfen)<\/label><span class=\"wpcf7-form-control-wrap\" data-name=\"ca-elective-date\"><input size=\"40\" maxlength=\"400\" class=\"wpcf7-form-control wpcf7-text\" aria-invalid=\"false\" value=\"\" type=\"text\" name=\"ca-elective-date\" \/><\/span><\/div><\/div>\n<div class=\"form-row\"><small>Bitte pr\u00fcfen Sie die folgenden Dokumente, bevor Sie Ihre Bewerbung einreichen: <a href=\"https:\/\/dualdiploma-switzerland.ch\/wp-content\/uploads\/2025\/06\/AISDDStudentParentHandbook2025-2026.pdf\" target=\"_blank\">das Elternhandbuch<\/a> bietet wichtige Informationen \u00fcber unsere Politik und Verfahren, w\u00e4hrend <a href=\"https:\/\/dualdiploma-switzerland.ch\/wp-content\/uploads\/2025\/06\/AISEUEnrollmentAgreement-DualDiploma2025-2026.pdf\" target=\"_blank\">die Einschreibungsvereinbarung<\/a> legt die Bedingungen f\u00fcr die Teilnahme am Diplomstudiengang fest.<\/small><\/div>\n<div class=\"form-row\"><span class=\"wpcf7-form-control-wrap\" data-name=\"confirmation-adult\"><span class=\"wpcf7-form-control wpcf7-acceptance\"><span class=\"wpcf7-list-item\"><label><input type=\"checkbox\" name=\"confirmation-adult\" value=\"1\" class=\"form-acceptance\" aria-invalid=\"false\" \/><span class=\"wpcf7-list-item-label\">Ich best\u00e4tige, dass ich die erwachsene Person bin, die f\u00fcr den oben genannten Sch\u00fcler verantwortlich ist, und dass ich das Zulassungsverfahren f\u00fcr das Doppeldiplom-Programm in \u00dcbereinstimmung mit den <a href=\"https:\/\/dualdiploma-switzerland.ch\/wp-content\/uploads\/2025\/06\/AISEUEnrollmentAgreement-DualDiploma2025-2026.pdf\" target=\"_blank\">Bedingungen und Konditionen<\/a>.<\/span><\/label><\/span><\/span><\/span><\/div>\n<small>Das Ausf\u00fcllen dieses Formulars bedeutet einen Antrag auf Zulassung, aber keine Garantie f\u00fcr die Zulassung.<\/small>\n<input class=\"wpcf7-form-control wpcf7-submit has-spinner\" type=\"submit\" value=\"Senden Sie\" \/><div class=\"cf7mls-btns cf7mls-btns-last-step\"><button type=\"button\" class=\"cf7mls_back action-button\" name=\"cf7mls_back\" id=\"cf7mls-back-btn-cf7mls_step-4\">Zur\u00fcck<\/button><button type=\"button\" style=\"display: none;\" class=\"cf7mls_next cf7mls_btn action-button\" name=\"cf7mls_next\" id=\"cf7mls-next-btn-cf7mls_step-4\"><img decoding=\"async\" src=\"https:\/\/dualdiploma-switzerland.ch\/wp-content\/plugins\/cf7-multi-step\/assets\/frontend\/img\/loader.svg\" alt=\"Step Loading\" data-lazy-src=\"https:\/\/dualdiploma-switzerland.ch\/wp-content\/plugins\/cf7-multi-step\/assets\/frontend\/img\/loader.svg\" style=\"display: none;\" \/><\/button><\/fieldset><\/div>\n<input type=\"hidden\" name=\"trp-form-language\" value=\"de\"\/><\/form>\n<\/div>\n      <\/div>\n    <\/div>\n\n  <\/div>\n<\/section>","protected":false},"excerpt":{"rendered":"","protected":false},"author":1,"featured_media":0,"parent":0,"menu_order":0,"comment_status":"closed","ping_status":"closed","template":"","meta":{"_acf_changed":false,"footnotes":""},"class_list":["post-16","page","type-page","status-publish","hentry"],"acf":[],"_links":{"self":[{"href":"https:\/\/dualdiploma-switzerland.ch\/de\/wp-json\/wp\/v2\/pages\/16","targetHints":{"allow":["GET"]}}],"collection":[{"href":"https:\/\/dualdiploma-switzerland.ch\/de\/wp-json\/wp\/v2\/pages"}],"about":[{"href":"https:\/\/dualdiploma-switzerland.ch\/de\/wp-json\/wp\/v2\/types\/page"}],"author":[{"embeddable":true,"href":"https:\/\/dualdiploma-switzerland.ch\/de\/wp-json\/wp\/v2\/users\/1"}],"replies":[{"embeddable":true,"href":"https:\/\/dualdiploma-switzerland.ch\/de\/wp-json\/wp\/v2\/comments?post=16"}],"version-history":[{"count":6,"href":"https:\/\/dualdiploma-switzerland.ch\/de\/wp-json\/wp\/v2\/pages\/16\/revisions"}],"predecessor-version":[{"id":835,"href":"https:\/\/dualdiploma-switzerland.ch\/de\/wp-json\/wp\/v2\/pages\/16\/revisions\/835"}],"wp:attachment":[{"href":"https:\/\/dualdiploma-switzerland.ch\/de\/wp-json\/wp\/v2\/media?parent=16"}],"curies":[{"name":"wp","href":"https:\/\/api.w.org\/{rel}","templated":true}]}}